{"id":36,"date":"2018-12-15T15:34:55","date_gmt":"2018-12-15T15:34:55","guid":{"rendered":"https:\/\/www.solwer.sk\/?page_id=36"},"modified":"2019-04-10T20:45:17","modified_gmt":"2019-04-10T20:45:17","slug":"sluzby","status":"publish","type":"page","link":"https:\/\/www.solwer.sk\/index.php\/sluzby\/","title":{"rendered":"Slu\u017eby"},"content":{"rendered":"\n[et_pb_section fb_built=&#8220;1&#8243; _builder_version=&#8220;3.18.7&#8243;][et_pb_row custom_width_px=&#8220;710px&#8220; background_position_1=&#8220;top_left&#8220; background_repeat_1=&#8220;no-repeat&#8220; _builder_version=&#8220;3.0.65&#8243; background_size=&#8220;initial&#8220; background_position=&#8220;top_left&#8220; background_repeat=&#8220;repeat&#8220;][et_pb_column type=&#8220;4_4&#8243; _builder_version=&#8220;3.0.47&#8243; parallax=&#8220;off&#8220; parallax_method=&#8220;on&#8220; background_position=&#8220;top_left&#8220; background_repeat=&#8220;no-repeat&#8220;][et_pb_divider color=&#8220;#4e5ed0&#8243; divider_weight=&#8220;3px&#8220; height=&#8220;5px&#8220; disabled_on=&#8220;off|off|off&#8220; _builder_version=&#8220;3.2&#8243; background_color_gradient_direction=&#8220;90deg&#8220; max_width=&#8220;100px&#8220; module_alignment=&#8220;center&#8220; custom_margin=&#8220;||20px|&#8220; custom_padding=&#8220;||20px|&#8220; animation_style=&#8220;slide&#8220; animation_direction=&#8220;bottom&#8220; saved_tabs=&#8220;all&#8220; locked=&#8220;off&#8220;][\/et_pb_divider][et_pb_text admin_label=&#8220;Services Section Title&#8220; _builder_version=&#8220;3.18.7&#8243; header_font=&#8220;Montserrat||||&#8220; header_text_color=&#8220;#1f1f1f&#8220; header_font_size=&#8220;36px&#8220; text_orientation=&#8220;center&#8220; max_width=&#8220;710px&#8220; module_alignment=&#8220;center&#8220; animation_style=&#8220;fold&#8220; animation_direction=&#8220;bottom&#8220; animation_intensity_fold=&#8220;20%&#8220;]<h1>Slu\u017eby<\/h1>[\/et_pb_text][et_pb_text admin_label=&#8220;Services Section Subtitle&#8220; _builder_version=&#8220;3.18.7&#8243; text_font_size=&#8220;16px&#8220; text_line_height=&#8220;1.9em&#8220; background_size=&#8220;initial&#8220; background_position=&#8220;top_left&#8220; background_repeat=&#8220;repeat&#8220; text_orientation=&#8220;center&#8220; max_width=&#8220;710px&#8220; module_alignment=&#8220;center&#8220; animation_style=&#8220;fold&#8220; animation_direction=&#8220;bottom&#8220; animation_intensity_fold=&#8220;20%&#8220;]<p style=\"text-align: left;\">N\u00e1\u0161\u00a0t\u00edm\u00a0je zostaven\u00fd z odborn\u00edkov s bohatou sk\u00fasenos\u0165ou v\u202fnasleduj\u00facich oblastiach, v\u202fktor\u00fdch z\u00e1rove\u0148 pon\u00fakame na\u0161e konzulta\u010dn\u00e9 slu\u017eby:<\/p>\n<ul>\n<li style=\"text-align: left;\"><strong>Projektov\u00e9ho mana\u017ementu<\/strong>\u00a0\u2013 najm\u00e4 z IT implementa\u010dn\u00fdch projektov, ale aj ve\u013ek\u00fdch transforma\u010dn\u00fdch programov,<\/li>\n<li style=\"text-align: left;\"><strong>Architekt\u00fary<\/strong>\u00a0\u2013 Enterprise architekt\u00fary, Cloudov\u00fdch, a hybridn\u00fdch architekt\u00far,<\/li>\n<li style=\"text-align: left;\"><strong>Transform\u00e1ci\u00ed<\/strong>\u00a0\u2013 predov\u0161etk\u00fdm prechod do\u00a0cloud-u a digit\u00e1lnych\u00a0transform\u00e1ci\u00ed,<\/li>\n<li style=\"text-align: left;\"><strong>Change management\u00a0<\/strong>\u2013 riadenie ve\u013ek\u00fdch zmien<\/li>\n<li style=\"text-align: left;\"><strong>Strat\u00e9gie<\/strong>\u00a0\u2013 anal\u00fdza existuj\u00faceho stavu a\u202ftvorby \/ transform\u00e1cie na biznis modely novej gener\u00e1cie,<\/li>\n<li style=\"text-align: left;\"><strong>Bezpe\u010dnos\u0165\u00a0<\/strong>\u2013 m\u00e1me aj odborn\u00edkov na bezpe\u010dnos\u0165 a etick\u00fdch hackerov.<\/li>\n<li style=\"text-align: left;\"><strong>Na\u0161i \u013eudia vlastnia mnoh\u00e9 certifik\u00e1cie, ako napr\u00edklad:<\/strong><br \/> PMI PMP (Project Management Professional)<br \/> TOGAF 9 Practitioner<br \/> TOGAF 9 Foundation<br \/> ITIL\u00ae V3: Release, Control and Validation<br \/> ITIL\u00ae V3: Planning, Protection and Optimization<br \/> ITIL\u00ae V3: Foundation<br \/> MICROSOFT<br \/> Microsoft Certified Solutions Associate \u2013 Cloud Platform<br \/> Design and Implement Cloud Data Platform Solutions<br \/> Enabling Office 365 Services<br \/> Architecting Microsoft Azure Solutions<br \/> Implementing Microsoft Azure Infrastructure Solutions<br \/> Querying Microsoft SQL Server<br \/> Designing and Developing MS SharePoint Applications<br \/> Amazon Web Services:<br \/> AWS Certified Solutions Architect Associate<br \/> AWS Certified\u00a0SysOps\u00a0Administrator Associate<br \/> AWS Certified Developer Associate<br \/> AWS Certified Cloud Practitioner<br \/> AWS Certified Associate Essentials<\/li>\n<\/ul>[\/et_pb_text][\/et_pb_column][\/et_pb_row][\/et_pb_section]\n","protected":false},"excerpt":{"rendered":"<p>Slu\u017ebyN\u00e1\u0161\u00a0t\u00edm\u00a0je zostaven\u00fd z odborn\u00edkov s bohatou sk\u00fasenos\u0165ou v\u202fnasleduj\u00facich oblastiach, v\u202fktor\u00fdch z\u00e1rove\u0148 pon\u00fakame na\u0161e konzulta\u010dn\u00e9 slu\u017eby: Projektov\u00e9ho mana\u017ementu\u00a0\u2013 najm\u00e4 z IT implementa\u010dn\u00fdch projektov, ale aj ve\u013ek\u00fdch transforma\u010dn\u00fdch programov, Architekt\u00fary\u00a0\u2013 Enterprise architekt\u00fary, Cloudov\u00fdch, a hybridn\u00fdch architekt\u00far, Transform\u00e1ci\u00ed\u00a0\u2013 predov\u0161etk\u00fdm prechod do\u00a0cloud-u a digit\u00e1lnych\u00a0transform\u00e1ci\u00ed, Change management\u00a0\u2013 riadenie ve\u013ek\u00fdch zmien Strat\u00e9gie\u00a0\u2013 anal\u00fdza existuj\u00faceho stavu a\u202ftvorby \/ transform\u00e1cie na biznis modely [&hellip;]<\/p>\n","protected":false},"author":3,"featured_media":0,"parent":0,"menu_order":0,"comment_status":"closed","ping_status":"closed","template":"","meta":{"_et_pb_use_builder":"on","_et_pb_old_content":"","_et_gb_content_width":"","footnotes":""},"class_list":["post-36","page","type-page","status-publish","hentry"],"_links":{"self":[{"href":"https:\/\/www.solwer.sk\/index.php\/wp-json\/wp\/v2\/pages\/36","targetHints":{"allow":["GET"]}}],"collection":[{"href":"https:\/\/www.solwer.sk\/index.php\/wp-json\/wp\/v2\/pages"}],"about":[{"href":"https:\/\/www.solwer.sk\/index.php\/wp-json\/wp\/v2\/types\/page"}],"author":[{"embeddable":true,"href":"https:\/\/www.solwer.sk\/index.php\/wp-json\/wp\/v2\/users\/3"}],"replies":[{"embeddable":true,"href":"https:\/\/www.solwer.sk\/index.php\/wp-json\/wp\/v2\/comments?post=36"}],"version-history":[{"count":9,"href":"https:\/\/www.solwer.sk\/index.php\/wp-json\/wp\/v2\/pages\/36\/revisions"}],"predecessor-version":[{"id":177,"href":"https:\/\/www.solwer.sk\/index.php\/wp-json\/wp\/v2\/pages\/36\/revisions\/177"}],"wp:attachment":[{"href":"https:\/\/www.solwer.sk\/index.php\/wp-json\/wp\/v2\/media?parent=36"}],"curies":[{"name":"wp","href":"https:\/\/api.w.org\/{rel}","templated":true}]}}