{"id":37,"date":"2018-12-15T15:35:20","date_gmt":"2018-12-15T15:35:20","guid":{"rendered":"https:\/\/www.solwer.sk\/?page_id=37"},"modified":"2020-07-23T11:43:21","modified_gmt":"2020-07-23T11:43:21","slug":"kontakty","status":"publish","type":"page","link":"https:\/\/www.solwer.sk\/index.php\/kontakty\/","title":{"rendered":"Kontakty"},"content":{"rendered":"<p>[et_pb_section fb_built=&#8220;1&#8243; _builder_version=&#8220;3.18.7&#8243;][et_pb_row custom_width_px=&#8220;710px&#8220; background_position_1=&#8220;top_left&#8220; background_repeat_1=&#8220;no-repeat&#8220; _builder_version=&#8220;3.0.65&#8243; background_size=&#8220;initial&#8220; background_position=&#8220;top_left&#8220; background_repeat=&#8220;repeat&#8220;][et_pb_column type=&#8220;4_4&#8243; _builder_version=&#8220;3.0.47&#8243;][et_pb_divider color=&#8220;#4e5ed0&#8243; divider_weight=&#8220;3px&#8220; height=&#8220;5px&#8220; disabled_on=&#8220;off|off|off&#8220; _builder_version=&#8220;3.2&#8243; background_color_gradient_direction=&#8220;90deg&#8220; max_width=&#8220;100px&#8220; module_alignment=&#8220;center&#8220; custom_margin=&#8220;||20px|&#8220; custom_padding=&#8220;||20px|&#8220; animation_style=&#8220;slide&#8220; animation_direction=&#8220;bottom&#8220; saved_tabs=&#8220;all&#8220; locked=&#8220;off&#8220;][\/et_pb_divider][et_pb_text admin_label=&#8220;Services Section Title&#8220; _builder_version=&#8220;3.18.7&#8243; header_font=&#8220;Montserrat||||&#8220; header_text_color=&#8220;#1f1f1f&#8220; header_font_size=&#8220;36px&#8220; text_orientation=&#8220;center&#8220; max_width=&#8220;710px&#8220; module_alignment=&#8220;center&#8220; animation_style=&#8220;fold&#8220; animation_direction=&#8220;bottom&#8220; animation_intensity_fold=&#8220;20%&#8220;]<\/p>\n<h1>Kontakty<\/h1>\n<p>[\/et_pb_text][et_pb_image src=&#8220;https:\/\/www.solwer.sk\/wp-content\/uploads\/2018\/12\/solwer-logo.png&#8220; align=&#8220;center&#8220; _builder_version=&#8220;3.18.7&#8243;][\/et_pb_image][\/et_pb_column][\/et_pb_row][et_pb_row _builder_version=&#8220;3.18.7&#8243;][et_pb_column type=&#8220;1_3&#8243; _builder_version=&#8220;3.18.7&#8243;][et_pb_text _builder_version=&#8220;3.18.7&#8243; text_font=&#8220;||||||||&#8220; text_font_size=&#8220;16px&#8220; text_line_height=&#8220;1em&#8220;]<\/p>\n<h2><strong>Solwer, s. r. o.\u00a0<\/strong><\/h2>\n<p><strong>Budovate\u013esk\u00e1 35<\/strong><\/p>\n<p><strong>821 08 Bratislava, SR\u00a0<\/strong><\/p>\n<p><strong><a href=\"mailto:info@solwer.sk\">info@solwer.sk<\/a><\/strong><\/p>\n<p><strong><a href=\"https:\/\/www.solwer.sk\/\">https:\/\/www.solwer.sk<\/a><\/strong><\/p>\n<p>tel.:<strong>\u00a0+421 903 709047, +421 2 20765981<\/strong><\/p>\n<p>fax:\u00a0<strong>+421 2 20765981\u00a0<\/strong><\/p>\n<p>[\/et_pb_text][\/et_pb_column][et_pb_column type=&#8220;1_3&#8243; _builder_version=&#8220;3.18.7&#8243;][et_pb_text _builder_version=&#8220;3.18.7&#8243; text_font=&#8220;||||||||&#8220; text_font_size=&#8220;16px&#8220; text_line_height=&#8220;1.5em&#8220; header_font=&#8220;||||||||&#8220;]<\/p>\n<p>Inform\u00e1cie:<br \/>I\u010cO:\u00a0<strong>48 057 924<\/strong><br \/> DI\u010c:\u00a0<strong>2120048425<\/strong><br \/> I\u010c DPH:\u00a0<strong>SK2120048425<\/strong><br \/> DUNS#:\u00a0<strong>361719767<\/strong><br \/> IBAN:\u00a0<strong>SK51 1100 0000 0029 4600 0457<\/strong><br \/> SWIFT \/ BIC:\u00a0<strong>TATRSKBX<\/strong><br \/> \u010c\u00edslo \u00fa\u010dtu:\u00a0<strong>2946000457<\/strong><br \/> K\u00f3d banky:\u00a0<strong>1100<\/strong><\/p>\n<p>[\/et_pb_text][\/et_pb_column][et_pb_column type=&#8220;1_3&#8243; _builder_version=&#8220;3.18.7&#8243;][et_pb_image max_width=&#8220;69%&#8220; src=&#8220;https:\/\/www.solwer.sk\/wp-content\/uploads\/2020\/07\/QR_Vizitka-1.png&#8220; _builder_version=&#8220;3.21.4&#8243;][\/et_pb_image][\/et_pb_column][\/et_pb_row][\/et_pb_section]<\/p>\n","protected":false},"excerpt":{"rendered":"<p>KontaktySolwer, s. r. o.\u00a0 Budovate\u013esk\u00e1 35 821 08 Bratislava, SR\u00a0 info@solwer.sk https:\/\/www.solwer.sk tel.:\u00a0+421 903 709047, +421 2 20765981 fax:\u00a0+421 2 20765981\u00a0Inform\u00e1cie:I\u010cO:\u00a048 057 924 DI\u010c:\u00a02120048425 I\u010c DPH:\u00a0SK2120048425 DUNS#:\u00a0361719767 IBAN:\u00a0SK51 1100 0000 0029 4600 0457 SWIFT \/ BIC:\u00a0TATRSKBX \u010c\u00edslo \u00fa\u010dtu:\u00a02946000457 K\u00f3d banky:\u00a01100<\/p>\n","protected":false},"author":1,"featured_media":0,"parent":0,"menu_order":0,"comment_status":"closed","ping_status":"closed","template":"","meta":{"_et_pb_use_builder":"on","_et_pb_old_content":"","_et_gb_content_width":"","footnotes":""},"class_list":["post-37","page","type-page","status-publish","hentry"],"_links":{"self":[{"href":"https:\/\/www.solwer.sk\/index.php\/wp-json\/wp\/v2\/pages\/37","targetHints":{"allow":["GET"]}}],"collection":[{"href":"https:\/\/www.solwer.sk\/index.php\/wp-json\/wp\/v2\/pages"}],"about":[{"href":"https:\/\/www.solwer.sk\/index.php\/wp-json\/wp\/v2\/types\/page"}],"author":[{"embeddable":true,"href":"https:\/\/www.solwer.sk\/index.php\/wp-json\/wp\/v2\/users\/1"}],"replies":[{"embeddable":true,"href":"https:\/\/www.solwer.sk\/index.php\/wp-json\/wp\/v2\/comments?post=37"}],"version-history":[{"count":10,"href":"https:\/\/www.solwer.sk\/index.php\/wp-json\/wp\/v2\/pages\/37\/revisions"}],"predecessor-version":[{"id":119,"href":"https:\/\/www.solwer.sk\/index.php\/wp-json\/wp\/v2\/pages\/37\/revisions\/119"}],"wp:attachment":[{"href":"https:\/\/www.solwer.sk\/index.php\/wp-json\/wp\/v2\/media?parent=37"}],"curies":[{"name":"wp","href":"https:\/\/api.w.org\/{rel}","templated":true}]}}