{"id":38,"date":"2018-12-15T15:35:36","date_gmt":"2018-12-15T15:35:36","guid":{"rendered":"https:\/\/www.solwer.sk\/?page_id=38"},"modified":"2021-01-20T21:23:32","modified_gmt":"2021-01-20T20:23:32","slug":"referencie","status":"publish","type":"page","link":"https:\/\/www.solwer.sk\/index.php\/referencie\/","title":{"rendered":"Referencie"},"content":{"rendered":"<p>[et_pb_section fb_built=&#8220;1&#8243; _builder_version=&#8220;3.22&#8243;][et_pb_row _builder_version=&#8220;3.25&#8243; background_size=&#8220;initial&#8220; background_position=&#8220;top_left&#8220; background_repeat=&#8220;repeat&#8220; custom_width_px=&#8220;710px&#8220;][et_pb_column type=&#8220;4_4&#8243; _builder_version=&#8220;3.25&#8243; background_position=&#8220;top_left&#8220; custom_padding=&#8220;|||&#8220; custom_padding__hover=&#8220;|||&#8220;][et_pb_divider color=&#8220;#4e5ed0&#8243; divider_weight=&#8220;3px&#8220; disabled_on=&#8220;off|off|off&#8220; _builder_version=&#8220;3.2&#8243; background_color_gradient_direction=&#8220;90deg&#8220; max_width=&#8220;100px&#8220; module_alignment=&#8220;center&#8220; height=&#8220;5px&#8220; custom_margin=&#8220;||20px|&#8220; custom_padding=&#8220;||20px|&#8220; animation_style=&#8220;slide&#8220; animation_direction=&#8220;bottom&#8220; saved_tabs=&#8220;all&#8220; locked=&#8220;off&#8220;][\/et_pb_divider][et_pb_text admin_label=&#8220;Services Section Title&#8220; _builder_version=&#8220;3.27.4&#8243; header_font=&#8220;Montserrat||||&#8220; header_text_color=&#8220;#1f1f1f&#8220; header_font_size=&#8220;36px&#8220; text_orientation=&#8220;center&#8220; max_width=&#8220;710px&#8220; module_alignment=&#8220;center&#8220; animation_style=&#8220;fold&#8220; animation_direction=&#8220;bottom&#8220; animation_intensity_fold=&#8220;20%&#8220;]<\/p>\n<h1>Referencie<\/h1>\n<p>[\/et_pb_text][et_pb_text admin_label=&#8220;Services Section Subtitle&#8220; _builder_version=&#8220;3.27.4&#8243; text_font_size=&#8220;16px&#8220; text_line_height=&#8220;1.9em&#8220; background_size=&#8220;initial&#8220; background_position=&#8220;top_left&#8220; background_repeat=&#8220;repeat&#8220; text_orientation=&#8220;center&#8220; max_width=&#8220;710px&#8220; module_alignment=&#8220;center&#8220; animation_style=&#8220;fold&#8220; animation_direction=&#8220;bottom&#8220; animation_intensity_fold=&#8220;20%&#8220;]<\/p>\n<p style=\"text-align: left;\">Sme mal\u00e9 zoskupenie vysoko motivovan\u00fdch odborn\u00edkov, ktor\u00ed s\u00fa vo svojich oblastiach \u0161pi\u010dkou.<\/p>\n<p style=\"text-align: left;\">Sme flexibiln\u00ed\u00a0a dod\u00e1vame\u00a0kvalitn\u00fa\u00a0pr\u00e1cu, ale\u00a0na\u0161e\u00a0log\u00e1 sa nikde neobjavia.<\/p>\n<p style=\"text-align: left;\">Referencie vieme poskytn\u00fa\u0165 na\u00a0vy\u017eiadanie pod\u013ea oblasti v\u00e1\u0161ho z\u00e1meru\u00a0v s\u00falade s\u00a0klientsk\u00fdmi\u00a0dohodami o ochrane obchodn\u00e9ho tajomstva.\u00a0Nechceme \u00eds\u0165 cestou jednoduchej\u00a0pestrofarebnej\u00a0str\u00e1nky\u00a0s logami organiz\u00e1ci\u00ed, pre ktor\u00e9 sme na\u0161e rie\u0161enia \u010di slu\u017eby dod\u00e1vali. Pokia\u013e\u00a0m\u00e1te\u00a0o niektor\u00fa oblas\u0165\u00a0seri\u00f3zny\u00a0z\u00e1ujem, radi sa s vami\u00a0stretneme\u00a0a\u00a0porozp\u00e1vame\u00a0aj o tom,\u00a0\u010do presne sme v danej oblasti robili\u00a0a\u00a0po dohode\u00a0poskytneme\u00a0aj kontakt na osobu, s ktorou sa m\u00f4\u017eete o na\u0161ej pr\u00e1ci porozpr\u00e1va\u0165.<\/p>\n<p>[\/et_pb_text][\/et_pb_column][\/et_pb_row][et_pb_row _builder_version=&#8220;4.8.1&#8243; _module_preset=&#8220;default&#8220; column_structure=&#8220;1_3,1_3,1_3&#8243;][et_pb_column _builder_version=&#8220;4.8.1&#8243; _module_preset=&#8220;default&#8220; type=&#8220;1_3&#8243;][et_pb_number_counter title=&#8220;\u00daspe\u0161ne realizovan\u00fdch projektov&#8220; number=&#8220;33&#8243; _builder_version=&#8220;4.8.1&#8243; _module_preset=&#8220;default&#8220; percent_sign=&#8220;off&#8220; hover_enabled=&#8220;0&#8243; sticky_enabled=&#8220;0&#8243;][\/et_pb_number_counter][\/et_pb_column][et_pb_column _builder_version=&#8220;4.8.1&#8243; _module_preset=&#8220;default&#8220; type=&#8220;1_3&#8243;][et_pb_number_counter title=&#8220;Na\u0161ich partnerov&#8220; number=&#8220;7&#8243; _builder_version=&#8220;4.8.1&#8243; _module_preset=&#8220;default&#8220; percent_sign=&#8220;off&#8220; hover_enabled=&#8220;0&#8243; sticky_enabled=&#8220;0&#8243;][\/et_pb_number_counter][\/et_pb_column][et_pb_column _builder_version=&#8220;4.8.1&#8243; _module_preset=&#8220;default&#8220; type=&#8220;1_3&#8243;][et_pb_number_counter title=&#8220;Na\u0161ich spokojn\u00fdch klientov&#8220; number=&#8220;22&#8243; _builder_version=&#8220;4.8.1&#8243; _module_preset=&#8220;default&#8220; percent_sign=&#8220;off&#8220; hover_enabled=&#8220;0&#8243; sticky_enabled=&#8220;0&#8243;][\/et_pb_number_counter][\/et_pb_column][\/et_pb_row][\/et_pb_section]<\/p>\n","protected":false},"excerpt":{"rendered":"<p>ReferencieSme mal\u00e9 zoskupenie vysoko motivovan\u00fdch odborn\u00edkov, ktor\u00ed s\u00fa vo svojich oblastiach \u0161pi\u010dkou. Sme flexibiln\u00ed\u00a0a dod\u00e1vame\u00a0kvalitn\u00fa\u00a0pr\u00e1cu, ale\u00a0na\u0161e\u00a0log\u00e1 sa nikde neobjavia. Referencie vieme poskytn\u00fa\u0165 na\u00a0vy\u017eiadanie pod\u013ea oblasti v\u00e1\u0161ho z\u00e1meru\u00a0v s\u00falade s\u00a0klientsk\u00fdmi\u00a0dohodami o ochrane obchodn\u00e9ho tajomstva.\u00a0Nechceme \u00eds\u0165 cestou jednoduchej\u00a0pestrofarebnej\u00a0str\u00e1nky\u00a0s logami organiz\u00e1ci\u00ed, pre ktor\u00e9 sme na\u0161e rie\u0161enia \u010di slu\u017eby dod\u00e1vali. Pokia\u013e\u00a0m\u00e1te\u00a0o niektor\u00fa oblas\u0165\u00a0seri\u00f3zny\u00a0z\u00e1ujem, radi sa s vami\u00a0stretneme\u00a0a\u00a0porozp\u00e1vame\u00a0aj o tom,\u00a0\u010do [&hellip;]<\/p>\n","protected":false},"author":1,"featured_media":0,"parent":0,"menu_order":0,"comment_status":"closed","ping_status":"closed","template":"","meta":{"_et_pb_use_builder":"on","_et_pb_old_content":"<!-- wp:paragraph -->\n<p>Sme mal\u00e9 zoskupenie vysoko motivovan\u00fdch odborn\u00edkov, ktor\u00ed s\u00fa vo svojich oblastiach \u0161pi\u010dkou.&nbsp;<\/p>\n<!-- \/wp:paragraph -->\n\n<!-- wp:paragraph -->\n<p>Sme flexibiln\u00ed&nbsp;a dod\u00e1vame&nbsp;kvalitn\u00fa&nbsp;pr\u00e1cu, ale&nbsp;na\u0161e&nbsp;log\u00e1 sa nikde neobjavia.&nbsp;<\/p>\n<!-- \/wp:paragraph -->\n\n<!-- wp:paragraph -->\n<p>Referencie vieme poskytn\u00fa\u0165 na&nbsp;vy\u017eiadanie pod\u013ea oblasti v\u00e1\u0161ho z\u00e1meru&nbsp;v s\u00falade s&nbsp;klientsk\u00fdmi&nbsp;dohodami o ochrane obchodn\u00e9ho tajomstva.&nbsp;Nechceme \u00eds\u0165 cestou jednoduchej&nbsp;pestrofarebnej&nbsp;str\u00e1nky&nbsp;s logami organiz\u00e1ci\u00ed, pre ktor\u00e9 sme na\u0161e rie\u0161enia \u010di slu\u017eby dod\u00e1vali. Pokia\u013e&nbsp;m\u00e1te&nbsp;o niektor\u00fa oblas\u0165&nbsp;seri\u00f3zny&nbsp;z\u00e1ujem, radi sa s vami&nbsp;stretneme&nbsp;a&nbsp;porozp\u00e1vame&nbsp;aj o tom,&nbsp;\u010do presne sme v danej oblasti robili&nbsp;a&nbsp;po dohode&nbsp;poskytneme&nbsp;aj kontakt na osobu, s ktorou sa m\u00f4\u017eete o na\u0161ej pr\u00e1ci porozpr\u00e1va\u0165.&nbsp;<\/p>\n<!-- \/wp:paragraph -->","_et_gb_content_width":"","footnotes":""},"class_list":["post-38","page","type-page","status-publish","hentry"],"_links":{"self":[{"href":"https:\/\/www.solwer.sk\/index.php\/wp-json\/wp\/v2\/pages\/38","targetHints":{"allow":["GET"]}}],"collection":[{"href":"https:\/\/www.solwer.sk\/index.php\/wp-json\/wp\/v2\/pages"}],"about":[{"href":"https:\/\/www.solwer.sk\/index.php\/wp-json\/wp\/v2\/types\/page"}],"author":[{"embeddable":true,"href":"https:\/\/www.solwer.sk\/index.php\/wp-json\/wp\/v2\/users\/1"}],"replies":[{"embeddable":true,"href":"https:\/\/www.solwer.sk\/index.php\/wp-json\/wp\/v2\/comments?post=38"}],"version-history":[{"count":13,"href":"https:\/\/www.solwer.sk\/index.php\/wp-json\/wp\/v2\/pages\/38\/revisions"}],"predecessor-version":[{"id":126,"href":"https:\/\/www.solwer.sk\/index.php\/wp-json\/wp\/v2\/pages\/38\/revisions\/126"}],"wp:attachment":[{"href":"https:\/\/www.solwer.sk\/index.php\/wp-json\/wp\/v2\/media?parent=38"}],"curies":[{"name":"wp","href":"https:\/\/api.w.org\/{rel}","templated":true}]}}